{"id":3033,"date":"2020-10-08T12:22:12","date_gmt":"2020-10-08T09:22:12","guid":{"rendered":"https:\/\/alarm3.lv\/%d0-ba-%d0-be-%d0-bd-%d1-82-%d0-b0-%d0-ba-%d1-82-%d1-8b-%d0-b0-%d0-b2-%d1-82-%d0-be-%d1-81-%d0-b5-%d1-80-%d0-b2-%d0-b8-%d1-81-%d1-80-%d0-b8-%d0-b3-%d0-b0\/"},"modified":"2024-09-16T07:51:34","modified_gmt":"2024-09-16T04:51:34","slug":"auto-service-contacts-riga","status":"publish","type":"page","link":"https:\/\/www.alarm3.lv\/en\/auto-service-contacts-riga\/","title":{"rendered":"CONTACTS"},"content":{"rendered":"<p><div class=\"fusion-fullwidth fullwidth-box fusion-builder-row-1 fusion-flex-container nonhundred-percent-fullwidth non-hundred-percent-height-scrolling\" style=\"--awb-border-radius-top-left:0px;--awb-border-radius-top-right:0px;--awb-border-radius-bottom-right:0px;--awb-border-radius-bottom-left:0px;--awb-padding-top:50px;--awb-background-image:linear-gradient(180deg, #ffffff 0%,#ffffff 100%);--awb-flex-wrap:wrap;\" ><div class=\"fusion-builder-row fusion-row fusion-flex-align-items-flex-start fusion-flex-content-wrap\" style=\"max-width:1144px;margin-left: calc(-4% \/ 2 );margin-right: calc(-4% \/ 2 );\"><div class=\"fusion-layout-column fusion_builder_column fusion-builder-column-0 fusion_builder_column_1_1 1_1 fusion-flex-column\" style=\"--awb-padding-top:10px;--awb-padding-right:10px;--awb-padding-bottom:10px;--awb-padding-left:10px;--awb-bg-size:cover;--awb-width-large:100%;--awb-margin-top-large:0px;--awb-spacing-right-large:1.92%;--awb-margin-bottom-large:20px;--awb-spacing-left-large:1.92%;--awb-width-medium:100%;--awb-order-medium:0;--awb-spacing-right-medium:1.92%;--awb-spacing-left-medium:1.92%;--awb-width-small:100%;--awb-order-small:0;--awb-spacing-right-small:1.92%;--awb-spacing-left-small:1.92%;\"><div class=\"fusion-column-wrapper fusion-column-has-shadow fusion-flex-justify-content-flex-start fusion-content-layout-column\"><div style=\"text-align:center;\"><a class=\"fusion-button button-flat button-xlarge button-custom fusion-button-default button-1 fusion-button-span-yes \" style=\"--button_bevel_color:#ba0000;--button_accent_color:#ffffff;--button_accent_hover_color:#ffffff;--button_border_hover_color:#ffffff;--button-border-radius-top-left:0px;--button-border-radius-top-right:0px;--button-border-radius-bottom-right:0px;--button-border-radius-bottom-left:0px;--button_gradient_top_color:#ff0000;--button_gradient_bottom_color:#ff0000;--button_gradient_top_color_hover:#ff0000;--button_gradient_bottom_color_hover:#ff0000;--button_text_transform:uppercase;\" target=\"_self\" href=\"https:\/\/alarm3.lv\/%d0%b7%d0%b0%d1%8f%d0%b2%d0%ba%d0%b0-%d0%bd%d0%b0-%d1%80%d0%b5%d0%bc%d0%be%d0%bd%d1%82-%d1%80%d0%b8%d0%b3%d0%b0\/\"><span class=\"fusion-button-text awb-button__text awb-button__text--default\">REMONTA PIETEIKUMS<\/span><\/a><\/div><\/div><\/div><\/div><\/div><div class=\"fusion-fullwidth fullwidth-box fusion-builder-row-2 fusion-flex-container nonhundred-percent-fullwidth non-hundred-percent-height-scrolling\" style=\"--awb-border-radius-top-left:0px;--awb-border-radius-top-right:0px;--awb-border-radius-bottom-right:0px;--awb-border-radius-bottom-left:0px;--awb-flex-wrap:wrap;\" ><div class=\"fusion-builder-row fusion-row fusion-flex-align-items-flex-start fusion-flex-content-wrap\" style=\"max-width:calc( 1100px + 5px );margin-left: calc(-5px \/ 2 );margin-right: calc(-5px \/ 2 );\"><div class=\"fusion-layout-column fusion_builder_column fusion-builder-column-1 fusion_builder_column_3_5 3_5 fusion-flex-column\" style=\"--awb-bg-size:cover;--awb-width-large:60%;--awb-margin-top-large:0px;--awb-spacing-right-large:2.5px;--awb-margin-bottom-large:20px;--awb-spacing-left-large:2.5px;--awb-width-medium:100%;--awb-order-medium:0;--awb-spacing-right-medium:2.5px;--awb-spacing-left-medium:2.5px;--awb-width-small:100%;--awb-order-small:0;--awb-spacing-right-small:2.5px;--awb-spacing-left-small:2.5px;\"><div class=\"fusion-column-wrapper fusion-column-has-shadow fusion-flex-justify-content-flex-start fusion-content-layout-column\"><ul style=\"--awb-size:18px;--awb-line-height:30.6px;--awb-icon-width:30.6px;--awb-icon-height:30.6px;--awb-icon-margin:12.6px;--awb-content-margin:43.2px;--awb-circlecolor:#ff0000;--awb-circle-yes-font-size:15.84px;\" class=\"fusion-checklist fusion-checklist-1 fusion-checklist-default fusion-checklist-divider type-icons\"><li class=\"fusion-li-item\" style=\"\"><span class=\"icon-wrapper circle-yes\"><i class=\"fusion-li-icon fa-barcode fas\" aria-hidden=\"true\"><\/i><\/span><div class=\"fusion-li-item-content\">\n<div class=\"elementor-element elementor-element-3b6d2d0b elementor-widget elementor-widget-heading\" data-id=\"3b6d2d0b\" data-element_type=\"widget\" data-widget_type=\"heading.default\">\n<div class=\"elementor-widget-container\">\n<p class=\"elementor-heading-title elementor-size-default\">SIA \u201eCAR ALARM SYSTEM\u201d<\/p>\n<\/div>\n<\/div>\n<\/div><\/li><li class=\"fusion-li-item\" style=\"\"><span class=\"icon-wrapper circle-yes\"><i class=\"fusion-li-icon fa-barcode fas\" aria-hidden=\"true\"><\/i><\/span><div class=\"fusion-li-item-content\">\n<p><a href=\"https:\/\/ul.waze.com\/ul?ll=56.99119285%2C24.23432489&amp;navigate=yes&amp;zoom=17&amp;utm_campaign=default&amp;utm_source=waze_website&amp;utm_medium=lm_share_location\">Br\u012bv\u012bbas iela 403D, R\u012bga, LV-1024<\/a><\/p>\n<\/div><\/li><li class=\"fusion-li-item\" style=\"\"><span class=\"icon-wrapper circle-yes\"><i class=\"fusion-li-icon fa-registered fas\" aria-hidden=\"true\"><\/i><\/span><div class=\"fusion-li-item-content\">\n<p>LV40003943902<\/p>\n<\/div><\/li><li class=\"fusion-li-item\" style=\"\"><span class=\"icon-wrapper circle-yes\"><i class=\"fusion-li-icon fa-address-card fas\" aria-hidden=\"true\"><\/i><\/span><div class=\"fusion-li-item-content\">\n<p><span data-mce-mark=\"1\">JUR. ADRESE: TULPJU 17, CARNIKAVA, CARNIKAVAS NOV., LV-2163.<\/span><\/p>\n<\/div><\/li><li class=\"fusion-li-item\" style=\"\"><span class=\"icon-wrapper circle-yes\"><i class=\"fusion-li-icon fa-university fas\" aria-hidden=\"true\"><\/i><\/span><div class=\"fusion-li-item-content\">\n<p><span data-mce-mark=\"1\">SWEDBANK: <strong>LV51HABA0551018667719<\/strong><\/span><\/p>\n<\/div><\/li><li class=\"fusion-li-item\" style=\"\"><span class=\"icon-wrapper circle-yes\"><i class=\"fusion-li-icon fa-phone-alt fas\" aria-hidden=\"true\"><\/i><\/span><div class=\"fusion-li-item-content\">\n<p><a href=\"tel:0037127042777\">+371 270 42 777<\/a><\/p>\n<\/div><\/li><li class=\"fusion-li-item\" style=\"\"><span class=\"icon-wrapper circle-yes\"><i class=\"fusion-li-icon fa-mail-bulk fas\" aria-hidden=\"true\"><\/i><\/span><div class=\"fusion-li-item-content\">\n<p><a href=\"mailto:alarm3@inbox.lv\">alarm3@inbox.lv<\/a><\/p>\n<\/div><\/li><\/ul><\/div><\/div><div class=\"fusion-layout-column fusion_builder_column fusion-builder-column-2 fusion_builder_column_2_5 2_5 fusion-flex-column\" style=\"--awb-bg-size:cover;--awb-width-large:40%;--awb-margin-top-large:0px;--awb-spacing-right-large:2.5px;--awb-margin-bottom-large:20px;--awb-spacing-left-large:2.5px;--awb-width-medium:100%;--awb-order-medium:0;--awb-spacing-right-medium:2.5px;--awb-spacing-left-medium:2.5px;--awb-width-small:100%;--awb-order-small:0;--awb-spacing-right-small:2.5px;--awb-spacing-left-small:2.5px;\"><div class=\"fusion-column-wrapper fusion-column-has-shadow fusion-flex-justify-content-flex-start fusion-content-layout-column\">\t\t\t\t\t<script type=\"text\/javascript\">\n\t\t\t\t\t\tvar map_fusion_map_69d3836409966;\n\t\t\t\t\t\tvar markers = [];\n\t\t\t\t\t\tvar counter = 0;\n\t\t\t\t\t\t\t\t\t\t\t\t\t\t\t\t\t\t\t\tvar fusionMapNonce = 'a9a754e35b';\n\t\t\t\t\t\t\t\t\t\t\t\tfunction fusion_run_map_fusion_map_69d3836409966() {\n\t\t\t\t\t\t\tjQuery ('#fusion_map_69d3836409966' ).fusion_maps( {\n\t\t\t\t\t\t\t\taddresses: [{\"address\":\"Br\\u012bv\\u012bbas 403D, R\\u012bga\",\"infobox_content\":\"Br\\u012bv\\u012bbas 403D, R\\u012bga\",\"coordinates\":false,\"cache\":true,\"latitude\":\"56.9906587\",\"longitude\":\"24.2342162\"}],\n\t\t\t\t\t\t\t\tanimations: true,\n\t\t\t\t\t\t\t\tinfobox_background_color: '',\n\t\t\t\t\t\t\t\tinfobox_styling: 'default',\n\t\t\t\t\t\t\t\tinfobox_text_color: '',\n\t\t\t\t\t\t\t\tmap_style: 'default',\n\t\t\t\t\t\t\t\tmap_type: 'roadmap',\n\t\t\t\t\t\t\t\tmarker_icon: '',\n\t\t\t\t\t\t\t\toverlay_color: '',\n\t\t\t\t\t\t\t\toverlay_color_hsl: {\"hue\":0,\"sat\":0,\"lum\":100},\n\t\t\t\t\t\t\t\tshow_address: true,\n\t\t\t\t\t\t\t\tscale_control: true,\n\t\t\t\t\t\t\t\tscrollwheel: false,\n\t\t\t\t\t\t\t\tzoom: 15,\n\t\t\t\t\t\t\t\tzoom_control: true,\n\t\t\t\t\t\t\t} );\n\t\t\t\t\t\t}\n\n\t\t\t\t\t\tgoogle.maps.event.addDomListener(window, 'load', fusion_run_map_fusion_map_69d3836409966);\n\t\t\t\t\t<\/script>\n\t\t\t\t\t<div class=\"shortcode-map fusion-google-map fusion-maps-js-type\" style=\"--awb-height:400px;\" id=\"fusion_map_69d3836409966\"><\/div><\/div><\/div><\/div><\/div><\/p>\n","protected":false},"excerpt":{"rendered":"","protected":false},"author":1,"featured_media":2382,"parent":0,"menu_order":0,"comment_status":"closed","ping_status":"closed","template":"","meta":{"footnotes":""},"class_list":["post-3033","page","type-page","status-publish","has-post-thumbnail","hentry"],"_links":{"self":[{"href":"https:\/\/www.alarm3.lv\/en\/wp-json\/wp\/v2\/pages\/3033","targetHints":{"allow":["GET"]}}],"collection":[{"href":"https:\/\/www.alarm3.lv\/en\/wp-json\/wp\/v2\/pages"}],"about":[{"href":"https:\/\/www.alarm3.lv\/en\/wp-json\/wp\/v2\/types\/page"}],"author":[{"embeddable":true,"href":"https:\/\/www.alarm3.lv\/en\/wp-json\/wp\/v2\/users\/1"}],"replies":[{"embeddable":true,"href":"https:\/\/www.alarm3.lv\/en\/wp-json\/wp\/v2\/comments?post=3033"}],"version-history":[{"count":0,"href":"https:\/\/www.alarm3.lv\/en\/wp-json\/wp\/v2\/pages\/3033\/revisions"}],"wp:featuredmedia":[{"embeddable":true,"href":"https:\/\/www.alarm3.lv\/en\/wp-json\/wp\/v2\/media\/2382"}],"wp:attachment":[{"href":"https:\/\/www.alarm3.lv\/en\/wp-json\/wp\/v2\/media?parent=3033"}],"curies":[{"name":"wp","href":"https:\/\/api.w.org\/{rel}","templated":true}]}}